{"id":5041,"date":"2020-09-09T19:10:04","date_gmt":"2020-09-09T19:10:04","guid":{"rendered":"https:\/\/grupomere.mx\/tienda\/?post_type=product&#038;p=5041"},"modified":"2020-12-27T16:13:08","modified_gmt":"2020-12-27T16:13:08","slug":"caja-cubrebocas-azul-celeste","status":"publish","type":"product","link":"https:\/\/grupomere.mx\/tienda\/producto\/caja-cubrebocas-azul-celeste\/","title":{"rendered":"Caja Cubrebocas Azul Celeste"},"content":{"rendered":"<p>Caja con 50 Cubrebocas Termo Sellado Color Azul Celeste, Tela spundbond de 25g. En Extremos y Centro de pell\u00f3n Quir\u00fargico de 30g. Dandole resistencia, repelen l\u00edquidos.<\/p>\n<p>Se aplicar\u00e1 descuento directo en el carrito de acuerdo a la cantidad introducida.<\/p>\n<p>Precio por caja:<\/p>\n<p>1 a 4: $125 MXN c\/u<\/p>\n<p>5 a 9: $115 MXN c\/u<\/p>\n<p>10 a 19: $110 MXN c\/u<\/p>\n<p>20 a 49: $105 MXN c\/u<\/p>\n<p>50 a 99: $100 MXN c\/u<\/p>\n","protected":false},"excerpt":{"rendered":"<p>Caja con 50 Cubrebocas Termo Sellado Color Azul Celeste, Tela spundbond de 25g. En Extremos y Centro de pell\u00f3n Quir\u00fargico de 30g. Dandole resistencia, repelen l\u00edquidos. Se aplicar\u00e1 descuento directo en el carrito de acuerdo a la cantidad introducida. Precio por caja: 1 a 4: $125 MXN c\/u 5 a 9: $115 MXN c\/u 10 [&hellip;]<\/p>\n","protected":false},"featured_media":4907,"comment_status":"open","ping_status":"closed","template":"","meta":[],"yoast_head":"<!-- This site is optimized with the Yoast SEO plugin v14.9 - https:\/\/yoast.com\/wordpress\/plugins\/seo\/ -->\n<title>Caja Cubrebocas Azul Celeste - Grupo Mere<\/title>\n<meta name=\"robots\" content=\"index, follow, max-snippet:-1, max-image-preview:large, max-video-preview:-1\" \/>\n<link rel=\"canonical\" href=\"https:\/\/grupomere.mx\/tienda\/producto\/caja-cubrebocas-azul-celeste\/\" \/>\n<meta property=\"og:locale\" content=\"es_ES\" \/>\n<meta property=\"og:type\" content=\"article\" \/>\n<meta property=\"og:title\" content=\"Caja Cubrebocas Azul Celeste - Grupo Mere\" \/>\n<meta property=\"og:description\" content=\"Caja con 50 Cubrebocas Termo Sellado Color Azul Celeste, Tela spundbond de 25g. En Extremos y Centro de pell\u00f3n Quir\u00fargico de 30g. Dandole resistencia, repelen l\u00edquidos. Se aplicar\u00e1 descuento directo en el carrito de acuerdo a la cantidad introducida. Precio por caja: 1 a 4: $125 MXN c\/u 5 a 9: $115 MXN c\/u 10 [&hellip;]\" \/>\n<meta property=\"og:url\" content=\"https:\/\/grupomere.mx\/tienda\/producto\/caja-cubrebocas-azul-celeste\/\" \/>\n<meta property=\"og:site_name\" content=\"Grupo Mere\" \/>\n<meta property=\"article:modified_time\" content=\"2020-12-27T16:13:08+00:00\" \/>\n<meta property=\"og:image\" content=\"https:\/\/ml7taitez2hc.i.optimole.com\/ZJJ9UaY-8NEIMheB\/w:1024\/h:1003\/q:auto\/https:\/\/grupomere.mx\/tienda\/wp-content\/uploads\/2020\/08\/1596731335348.png\" \/>\n\t<meta property=\"og:image:width\" content=\"1024\" \/>\n\t<meta property=\"og:image:height\" content=\"1003\" \/>\n<meta name=\"twitter:card\" content=\"summary_large_image\" \/>\n<script type=\"application\/ld+json\" class=\"yoast-schema-graph\">{\"@context\":\"https:\/\/schema.org\",\"@graph\":[{\"@type\":\"WebSite\",\"@id\":\"https:\/\/grupomere.mx\/tienda\/#website\",\"url\":\"https:\/\/grupomere.mx\/tienda\/\",\"name\":\"Grupo Mere\",\"description\":\"Descripci\\u00f3n de la p\\u00e1gina\",\"potentialAction\":[{\"@type\":\"SearchAction\",\"target\":\"https:\/\/grupomere.mx\/tienda\/?s={search_term_string}\",\"query-input\":\"required name=search_term_string\"}],\"inLanguage\":\"es\"},{\"@type\":\"ImageObject\",\"@id\":\"https:\/\/grupomere.mx\/tienda\/producto\/caja-cubrebocas-azul-celeste\/#primaryimage\",\"inLanguage\":\"es\",\"url\":\"https:\/\/ml7taitez2hc.i.optimole.com\/ZJJ9UaY-8NEIMheB\/w:auto\/h:auto\/q:auto\/https:\/\/grupomere.mx\/tienda\/wp-content\/uploads\/2020\/08\/1596731335348.png\",\"width\":1624,\"height\":1591},{\"@type\":\"WebPage\",\"@id\":\"https:\/\/grupomere.mx\/tienda\/producto\/caja-cubrebocas-azul-celeste\/#webpage\",\"url\":\"https:\/\/grupomere.mx\/tienda\/producto\/caja-cubrebocas-azul-celeste\/\",\"name\":\"Caja Cubrebocas Azul Celeste - Grupo Mere\",\"isPartOf\":{\"@id\":\"https:\/\/grupomere.mx\/tienda\/#website\"},\"primaryImageOfPage\":{\"@id\":\"https:\/\/grupomere.mx\/tienda\/producto\/caja-cubrebocas-azul-celeste\/#primaryimage\"},\"datePublished\":\"2020-09-09T19:10:04+00:00\",\"dateModified\":\"2020-12-27T16:13:08+00:00\",\"inLanguage\":\"es\",\"potentialAction\":[{\"@type\":\"ReadAction\",\"target\":[\"https:\/\/grupomere.mx\/tienda\/producto\/caja-cubrebocas-azul-celeste\/\"]}]}]}<\/script>\n<!-- \/ Yoast SEO plugin. -->","_links":{"self":[{"href":"https:\/\/grupomere.mx\/tienda\/wp-json\/wp\/v2\/product\/5041"}],"collection":[{"href":"https:\/\/grupomere.mx\/tienda\/wp-json\/wp\/v2\/product"}],"about":[{"href":"https:\/\/grupomere.mx\/tienda\/wp-json\/wp\/v2\/types\/product"}],"replies":[{"embeddable":true,"href":"https:\/\/grupomere.mx\/tienda\/wp-json\/wp\/v2\/comments?post=5041"}],"wp:featuredmedia":[{"embeddable":true,"href":"https:\/\/grupomere.mx\/tienda\/wp-json\/wp\/v2\/media\/4907"}],"wp:attachment":[{"href":"https:\/\/grupomere.mx\/tienda\/wp-json\/wp\/v2\/media?parent=5041"}],"curies":[{"name":"wp","href":"https:\/\/api.w.org\/{rel}","templated":true}]}}